{"id":118,"date":"2022-04-12T15:18:36","date_gmt":"2022-04-12T13:18:36","guid":{"rendered":"https:\/\/neighborhub.ch\/sebeillon\/contact\/"},"modified":"2025-02-10T10:22:47","modified_gmt":"2025-02-10T09:22:47","slug":"association_de_sebeillon","status":"publish","type":"page","link":"https:\/\/notre-quartier.ch\/sebeillon\/association_de_sebeillon\/","title":{"rendered":""},"content":{"rendered":"\t\t<div data-elementor-type=\"wp-page\" data-elementor-id=\"118\" class=\"elementor elementor-118\" data-elementor-post-type=\"page\">\n\t\t\t\t\t\t<section class=\"elementor-section elementor-top-section elementor-element elementor-element-8fad908 elementor-section-boxed elementor-section-height-default elementor-section-height-default\" data-id=\"8fad908\" data-element_type=\"section\" data-e-type=\"section\">\n\t\t\t\t\t\t<div class=\"elementor-container elementor-column-gap-default\">\n\t\t\t\t\t<div class=\"elementor-column elementor-col-16 elementor-top-column elementor-element elementor-element-91f815c\" data-id=\"91f815c\" data-element_type=\"column\" data-e-type=\"column\">\n\t\t\t<div class=\"elementor-widget-wrap\">\n\t\t\t\t\t\t\t<\/div>\n\t\t<\/div>\n\t\t\t\t<div class=\"elementor-column elementor-col-66 elementor-top-column elementor-element elementor-element-6d52187\" data-id=\"6d52187\" data-element_type=\"column\" data-e-type=\"column\">\n\t\t\t<div class=\"elementor-widget-wrap elementor-element-populated\">\n\t\t\t\t\t\t<div class=\"elementor-element elementor-element-7246dd5 elementor-widget elementor-widget-heading\" data-id=\"7246dd5\" data-element_type=\"widget\" data-e-type=\"widget\" data-widget_type=\"heading.default\">\n\t\t\t\t<div class=\"elementor-widget-container\">\n\t\t\t\t\t<h1 class=\"elementor-heading-title elementor-size-default\">L'association des habitant\u00b7es de S\u00e9beillon<\/h1>\t\t\t\t<\/div>\n\t\t\t\t<\/div>\n\t\t\t\t\t<\/div>\n\t\t<\/div>\n\t\t\t\t<div class=\"elementor-column elementor-col-16 elementor-top-column elementor-element elementor-element-a9e6066\" data-id=\"a9e6066\" data-element_type=\"column\" data-e-type=\"column\">\n\t\t\t<div class=\"elementor-widget-wrap\">\n\t\t\t\t\t\t\t<\/div>\n\t\t<\/div>\n\t\t\t\t\t<\/div>\n\t\t<\/section>\n\t\t\t\t<section class=\"elementor-section elementor-top-section elementor-element elementor-element-eeb4a3f elementor-section-boxed elementor-section-height-default elementor-section-height-default\" data-id=\"eeb4a3f\" data-element_type=\"section\" data-e-type=\"section\">\n\t\t\t\t\t\t<div class=\"elementor-container elementor-column-gap-default\">\n\t\t\t\t\t<div class=\"elementor-column elementor-col-16 elementor-top-column elementor-element elementor-element-6daeb34\" data-id=\"6daeb34\" data-element_type=\"column\" data-e-type=\"column\">\n\t\t\t<div class=\"elementor-widget-wrap\">\n\t\t\t\t\t\t\t<\/div>\n\t\t<\/div>\n\t\t\t\t<div class=\"elementor-column elementor-col-66 elementor-top-column elementor-element elementor-element-b7c63f6\" data-id=\"b7c63f6\" data-element_type=\"column\" data-e-type=\"column\">\n\t\t\t<div class=\"elementor-widget-wrap elementor-element-populated\">\n\t\t\t\t\t\t<div class=\"elementor-element elementor-element-9723843 elementor-widget elementor-widget-text-editor\" data-id=\"9723843\" data-element_type=\"widget\" data-e-type=\"widget\" data-widget_type=\"text-editor.default\">\n\t\t\t\t<div class=\"elementor-widget-container\">\n\t\t\t\t\t\t\t\t\t<p><strong>L&rsquo;association des habitant\u00b7es de S\u00e9beillon<\/strong> a pour but de dynamiser la vie du quartier.<br \/>Elle permet l\u2019acc\u00e8s et la cr\u00e9ation d\u2019une dynamique sociale, elle propose des activit\u00e9s pour tous les \u00e2ges, elle d\u00e9veloppe l\u2019entraide, les \u00e9changes et les rencontres.<\/p><p><span style=\"font-style: inherit; font-weight: inherit; background-color: var(--ast-global-color-5); color: var( --e-global-color-1bff1dd ); font-family: var( --e-global-typography-text-font-family ), Sans-serif;\">Devenir membre vous permet de vous investir dans la vie du quartier, de proposer des activit\u00e9s ou des projets et de les r\u00e9aliser.\u00a0<\/span><\/p><p>Consultez nos statuts \u00e0 <a href=\"https:\/\/drive.google.com\/file\/d\/10vi8t2L8_DNSB_Z57T1avJLduTUnAc93\/view?usp=sharing\" target=\"_blank\" rel=\"noopener\">ce lien<\/a> et devenez membre en <a href=\"https:\/\/forms.gle\/QrPSjSxmpuwPU9aQ6\" target=\"_blank\" rel=\"noopener\">cliquant ici<\/a> !<\/p><p><strong>Cotisations<\/strong><\/p><ul><li>Cotisation annuelle : 40 CHF\/m\u00e9nage<\/li><li>Contribution compl\u00e9mentaire de 10 CHF demand\u00e9e aux jardinier\u00b7\u00e8res.\u00a0<\/li><\/ul>\t\t\t\t\t\t\t\t<\/div>\n\t\t\t\t<\/div>\n\t\t\t\t\t<\/div>\n\t\t<\/div>\n\t\t\t\t<div class=\"elementor-column elementor-col-16 elementor-top-column elementor-element elementor-element-1c53e5e\" data-id=\"1c53e5e\" data-element_type=\"column\" data-e-type=\"column\">\n\t\t\t<div class=\"elementor-widget-wrap\">\n\t\t\t\t\t\t\t<\/div>\n\t\t<\/div>\n\t\t\t\t\t<\/div>\n\t\t<\/section>\n\t\t\t\t<section class=\"elementor-section elementor-top-section elementor-element elementor-element-c80bede elementor-section-boxed elementor-section-height-default elementor-section-height-default\" data-id=\"c80bede\" data-element_type=\"section\" data-e-type=\"section\">\n\t\t\t\t\t\t<div class=\"elementor-container elementor-column-gap-default\">\n\t\t\t\t\t<div class=\"elementor-column elementor-col-16 elementor-top-column elementor-element elementor-element-9d13bc3\" data-id=\"9d13bc3\" data-element_type=\"column\" data-e-type=\"column\">\n\t\t\t<div class=\"elementor-widget-wrap\">\n\t\t\t\t\t\t\t<\/div>\n\t\t<\/div>\n\t\t\t\t<div class=\"elementor-column elementor-col-66 elementor-top-column elementor-element elementor-element-a07bcf3\" data-id=\"a07bcf3\" data-element_type=\"column\" data-e-type=\"column\">\n\t\t\t<div class=\"elementor-widget-wrap elementor-element-populated\">\n\t\t\t\t\t\t<div class=\"elementor-element elementor-element-d7127b4 elementor-widget elementor-widget-heading\" data-id=\"d7127b4\" data-element_type=\"widget\" data-e-type=\"widget\" data-widget_type=\"heading.default\">\n\t\t\t\t<div class=\"elementor-widget-container\">\n\t\t\t\t\t<h2 class=\"elementor-heading-title elementor-size-default\">Une id\u00e9e\/question \u00e0 adresser au comit\u00e9 ?<\/h2>\t\t\t\t<\/div>\n\t\t\t\t<\/div>\n\t\t\t\t\t<\/div>\n\t\t<\/div>\n\t\t\t\t<div class=\"elementor-column elementor-col-16 elementor-top-column elementor-element elementor-element-90f7a94\" data-id=\"90f7a94\" data-element_type=\"column\" data-e-type=\"column\">\n\t\t\t<div class=\"elementor-widget-wrap\">\n\t\t\t\t\t\t\t<\/div>\n\t\t<\/div>\n\t\t\t\t\t<\/div>\n\t\t<\/section>\n\t\t\t\t<section class=\"elementor-section elementor-top-section elementor-element elementor-element-8d2dc47 elementor-section-boxed elementor-section-height-default elementor-section-height-default\" data-id=\"8d2dc47\" data-element_type=\"section\" data-e-type=\"section\">\n\t\t\t\t\t\t<div class=\"elementor-container elementor-column-gap-default\">\n\t\t\t\t\t<div class=\"elementor-column elementor-col-16 elementor-top-column elementor-element elementor-element-101b541\" data-id=\"101b541\" data-element_type=\"column\" data-e-type=\"column\">\n\t\t\t<div class=\"elementor-widget-wrap\">\n\t\t\t\t\t\t\t<\/div>\n\t\t<\/div>\n\t\t\t\t<div class=\"elementor-column elementor-col-66 elementor-top-column elementor-element elementor-element-b5f2ae9\" data-id=\"b5f2ae9\" data-element_type=\"column\" data-e-type=\"column\">\n\t\t\t<div class=\"elementor-widget-wrap elementor-element-populated\">\n\t\t\t\t\t\t<div class=\"elementor-element elementor-element-52eb5b9 elementor-button-align-stretch elementor-widget elementor-widget-form\" data-id=\"52eb5b9\" data-element_type=\"widget\" data-e-type=\"widget\" data-settings=\"{&quot;step_next_label&quot;:&quot;Suivant&quot;,&quot;step_previous_label&quot;:&quot;Pr\\u00e9c\\u00e9dent&quot;,&quot;button_width&quot;:&quot;100&quot;,&quot;step_type&quot;:&quot;number_text&quot;,&quot;step_icon_shape&quot;:&quot;circle&quot;}\" data-widget_type=\"form.default\">\n\t\t\t\t<div class=\"elementor-widget-container\">\n\t\t\t\t\t\t\t<form class=\"elementor-form\" method=\"post\" name=\"Nouveau formulaire\" aria-label=\"Nouveau formulaire\">\n\t\t\t<input type=\"hidden\" name=\"post_id\" value=\"118\"\/>\n\t\t\t<input type=\"hidden\" name=\"form_id\" value=\"52eb5b9\"\/>\n\t\t\t<input type=\"hidden\" name=\"referer_title\" value=\"- Association des habitant.e.s de S\u00e9beillon\" \/>\n\n\t\t\t\t\t\t\t<input type=\"hidden\" name=\"queried_id\" value=\"118\"\/>\n\t\t\t\n\t\t\t<div class=\"elementor-form-fields-wrapper elementor-labels-above\">\n\t\t\t\t\t\t\t\t<div class=\"elementor-field-type-text elementor-field-group elementor-column elementor-field-group-name elementor-col-100\">\n\t\t\t\t\t\t\t\t\t\t\t\t<label for=\"form-field-name\" class=\"elementor-field-label\">\n\t\t\t\t\t\t\t\tNom\t\t\t\t\t\t\t<\/label>\n\t\t\t\t\t\t\t\t\t\t\t\t\t\t<input size=\"1\" type=\"text\" name=\"form_fields[name]\" id=\"form-field-name\" class=\"elementor-field elementor-size-sm  elementor-field-textual\" placeholder=\"Nom\">\n\t\t\t\t\t\t\t\t\t\t\t<\/div>\n\t\t\t\t\t\t\t\t<div class=\"elementor-field-type-email elementor-field-group elementor-column elementor-field-group-email elementor-col-100 elementor-field-required\">\n\t\t\t\t\t\t\t\t\t\t\t\t<label for=\"form-field-email\" class=\"elementor-field-label\">\n\t\t\t\t\t\t\t\tE-mail\t\t\t\t\t\t\t<\/label>\n\t\t\t\t\t\t\t\t\t\t\t\t\t\t<input size=\"1\" type=\"email\" name=\"form_fields[email]\" id=\"form-field-email\" class=\"elementor-field elementor-size-sm  elementor-field-textual\" placeholder=\"E-mail\" required=\"required\">\n\t\t\t\t\t\t\t\t\t\t\t<\/div>\n\t\t\t\t\t\t\t\t<div class=\"elementor-field-type-textarea elementor-field-group elementor-column elementor-field-group-message elementor-col-100\">\n\t\t\t\t\t\t\t\t\t\t\t\t<label for=\"form-field-message\" class=\"elementor-field-label\">\n\t\t\t\t\t\t\t\tMessage\t\t\t\t\t\t\t<\/label>\n\t\t\t\t\t\t<textarea class=\"elementor-field-textual elementor-field  elementor-size-sm\" name=\"form_fields[message]\" id=\"form-field-message\" rows=\"4\" placeholder=\"Message\"><\/textarea>\t\t\t\t<\/div>\n\t\t\t\t\t\t\t\t<div class=\"elementor-field-group elementor-column elementor-field-type-submit elementor-col-100 e-form__buttons\">\n\t\t\t\t\t<button class=\"elementor-button elementor-size-sm\" type=\"submit\">\n\t\t\t\t\t\t<span class=\"elementor-button-content-wrapper\">\n\t\t\t\t\t\t\t\t\t\t\t\t\t\t\t\t\t\t\t\t\t\t<span class=\"elementor-button-text\">Envoyer<\/span>\n\t\t\t\t\t\t\t\t\t\t\t\t\t<\/span>\n\t\t\t\t\t<\/button>\n\t\t\t\t<\/div>\n\t\t\t<\/div>\n\t\t<\/form>\n\t\t\t\t\t\t<\/div>\n\t\t\t\t<\/div>\n\t\t\t\t\t<\/div>\n\t\t<\/div>\n\t\t\t\t<div class=\"elementor-column elementor-col-16 elementor-top-column elementor-element elementor-element-c378058\" data-id=\"c378058\" data-element_type=\"column\" data-e-type=\"column\">\n\t\t\t<div class=\"elementor-widget-wrap\">\n\t\t\t\t\t\t\t<\/div>\n\t\t<\/div>\n\t\t\t\t\t<\/div>\n\t\t<\/section>\n\t\t\t\t<section class=\"elementor-section elementor-top-section elementor-element elementor-element-0ca749a elementor-section-boxed elementor-section-height-default elementor-section-height-default\" data-id=\"0ca749a\" data-element_type=\"section\" data-e-type=\"section\">\n\t\t\t\t\t\t<div class=\"elementor-container elementor-column-gap-default\">\n\t\t\t\t\t<div class=\"elementor-column elementor-col-100 elementor-top-column elementor-element elementor-element-80da489\" data-id=\"80da489\" data-element_type=\"column\" data-e-type=\"column\">\n\t\t\t<div class=\"elementor-widget-wrap elementor-element-populated\">\n\t\t\t\t\t\t<div class=\"elementor-element elementor-element-ac55791 elementor-widget elementor-widget-spacer\" data-id=\"ac55791\" data-element_type=\"widget\" data-e-type=\"widget\" data-widget_type=\"spacer.default\">\n\t\t\t\t<div class=\"elementor-widget-container\">\n\t\t\t\t\t\t\t<div class=\"elementor-spacer\">\n\t\t\t<div class=\"elementor-spacer-inner\"><\/div>\n\t\t<\/div>\n\t\t\t\t\t\t<\/div>\n\t\t\t\t<\/div>\n\t\t\t\t\t<\/div>\n\t\t<\/div>\n\t\t\t\t\t<\/div>\n\t\t<\/section>\n\t\t\t\t<\/div>\n\t\t","protected":false},"excerpt":{"rendered":"<p>L&rsquo;association des habitant\u00b7es de S\u00e9beillon L&rsquo;association des habitant\u00b7es de S\u00e9beillon a pour but de dynamiser la vie du quartier.Elle permet l\u2019acc\u00e8s et la cr\u00e9ation d\u2019une dynamique sociale, elle propose des [&hellip;]<\/p>\n","protected":false},"author":1,"featured_media":0,"parent":0,"menu_order":0,"comment_status":"closed","ping_status":"closed","template":"","meta":{"site-sidebar-layout":"default","site-content-layout":"","ast-site-content-layout":"default","site-content-style":"default","site-sidebar-style":"default","ast-global-header-display":"","ast-banner-title-visibility":"","ast-main-header-display":"","ast-hfb-above-header-display":"","ast-hfb-below-header-display":"","ast-hfb-mobile-header-display":"","site-post-title":"","ast-breadcrumbs-content":"","ast-featured-img":"","footer-sml-layout":"","ast-disable-related-posts":"","theme-transparent-header-meta":"","adv-header-id-meta":"","stick-header-meta":"","header-above-stick-meta":"","header-main-stick-meta":"","header-below-stick-meta":"","astra-migrate-meta-layouts":"default","ast-page-background-enabled":"default","ast-page-background-meta":{"desktop":{"background-color":"var(--ast-global-color-4)","background-image":"","background-repeat":"repeat","background-position":"center center","background-size":"auto","background-attachment":"scroll","background-type":"","background-media":"","overlay-type":"","overlay-color":"","overlay-opacity":"","overlay-gradient":""},"tablet":{"background-color":"","background-image":"","background-repeat":"repeat","background-position":"center center","background-size":"auto","background-attachment":"scroll","background-type":"","background-media":"","overlay-type":"","overlay-color":"","overlay-opacity":"","overlay-gradient":""},"mobile":{"background-color":"","background-image":"","background-repeat":"repeat","background-position":"center center","background-size":"auto","background-attachment":"scroll","background-type":"","background-media":"","overlay-type":"","overlay-color":"","overlay-opacity":"","overlay-gradient":""}},"ast-content-background-meta":{"desktop":{"background-color":"var(--ast-global-color-5)","background-image":"","background-repeat":"repeat","background-position":"center center","background-size":"auto","background-attachment":"scroll","background-type":"","background-media":"","overlay-type":"","overlay-color":"","overlay-opacity":"","overlay-gradient":""},"tablet":{"background-color":"var(--ast-global-color-5)","background-image":"","background-repeat":"repeat","background-position":"center center","background-size":"auto","background-attachment":"scroll","background-type":"","background-media":"","overlay-type":"","overlay-color":"","overlay-opacity":"","overlay-gradient":""},"mobile":{"background-color":"var(--ast-global-color-5)","background-image":"","background-repeat":"repeat","background-position":"center center","background-size":"auto","background-attachment":"scroll","background-type":"","background-media":"","overlay-type":"","overlay-color":"","overlay-opacity":"","overlay-gradient":""}},"footnotes":""},"class_list":["post-118","page","type-page","status-publish","hentry"],"yoast_head":"<!-- This site is optimized with the Yoast SEO plugin v27.2 - https:\/\/yoast.com\/product\/yoast-seo-wordpress\/ -->\n<title>- Association des habitant.e.s de S\u00e9beillon<\/title>\n<meta name=\"robots\" content=\"index, follow, max-snippet:-1, max-image-preview:large, max-video-preview:-1\" \/>\n<link rel=\"canonical\" href=\"https:\/\/notre-quartier.ch\/sebeillon\/association_de_sebeillon\/\" \/>\n<meta property=\"og:locale\" content=\"fr_FR\" \/>\n<meta property=\"og:type\" content=\"article\" \/>\n<meta property=\"og:title\" content=\"- Association des habitant.e.s de S\u00e9beillon\" \/>\n<meta property=\"og:description\" content=\"L&rsquo;association des habitant\u00b7es de S\u00e9beillon L&rsquo;association des habitant\u00b7es de S\u00e9beillon a pour but de dynamiser la vie du quartier.Elle permet l\u2019acc\u00e8s et la cr\u00e9ation d\u2019une dynamique sociale, elle propose des [&hellip;]\" \/>\n<meta property=\"og:url\" content=\"https:\/\/notre-quartier.ch\/sebeillon\/association_de_sebeillon\/\" \/>\n<meta property=\"og:site_name\" content=\"Association des habitant.e.s de S\u00e9beillon\" \/>\n<meta property=\"article:modified_time\" content=\"2025-02-10T09:22:47+00:00\" \/>\n<meta name=\"twitter:card\" content=\"summary_large_image\" \/>\n<meta name=\"twitter:label1\" content=\"Dur\u00e9e de lecture estim\u00e9e\" \/>\n\t<meta name=\"twitter:data1\" content=\"1 minute\" \/>\n<script type=\"application\/ld+json\" class=\"yoast-schema-graph\">{\"@context\":\"https:\/\/schema.org\",\"@graph\":[{\"@type\":\"WebPage\",\"@id\":\"https:\/\/notre-quartier.ch\/sebeillon\/association_de_sebeillon\/\",\"url\":\"https:\/\/notre-quartier.ch\/sebeillon\/association_de_sebeillon\/\",\"name\":\"- Association des habitant.e.s de S\u00e9beillon\",\"isPartOf\":{\"@id\":\"https:\/\/notre-quartier.ch\/sebeillon\/#website\"},\"datePublished\":\"2022-04-12T13:18:36+00:00\",\"dateModified\":\"2025-02-10T09:22:47+00:00\",\"inLanguage\":\"fr-FR\",\"potentialAction\":[{\"@type\":\"ReadAction\",\"target\":[\"https:\/\/notre-quartier.ch\/sebeillon\/association_de_sebeillon\/\"]}]},{\"@type\":\"WebSite\",\"@id\":\"https:\/\/notre-quartier.ch\/sebeillon\/#website\",\"url\":\"https:\/\/notre-quartier.ch\/sebeillon\/\",\"name\":\"Association des habitant.e.s de S\u00e9beillon\",\"description\":\"\",\"potentialAction\":[{\"@type\":\"SearchAction\",\"target\":{\"@type\":\"EntryPoint\",\"urlTemplate\":\"https:\/\/notre-quartier.ch\/sebeillon\/?s={search_term_string}\"},\"query-input\":{\"@type\":\"PropertyValueSpecification\",\"valueRequired\":true,\"valueName\":\"search_term_string\"}}],\"inLanguage\":\"fr-FR\"}]}<\/script>\n<!-- \/ Yoast SEO plugin. -->","yoast_head_json":{"title":"- Association des habitant.e.s de S\u00e9beillon","robots":{"index":"index","follow":"follow","max-snippet":"max-snippet:-1","max-image-preview":"max-image-preview:large","max-video-preview":"max-video-preview:-1"},"canonical":"https:\/\/notre-quartier.ch\/sebeillon\/association_de_sebeillon\/","og_locale":"fr_FR","og_type":"article","og_title":"- Association des habitant.e.s de S\u00e9beillon","og_description":"L&rsquo;association des habitant\u00b7es de S\u00e9beillon L&rsquo;association des habitant\u00b7es de S\u00e9beillon a pour but de dynamiser la vie du quartier.Elle permet l\u2019acc\u00e8s et la cr\u00e9ation d\u2019une dynamique sociale, elle propose des [&hellip;]","og_url":"https:\/\/notre-quartier.ch\/sebeillon\/association_de_sebeillon\/","og_site_name":"Association des habitant.e.s de S\u00e9beillon","article_modified_time":"2025-02-10T09:22:47+00:00","twitter_card":"summary_large_image","twitter_misc":{"Dur\u00e9e de lecture estim\u00e9e":"1 minute"},"schema":{"@context":"https:\/\/schema.org","@graph":[{"@type":"WebPage","@id":"https:\/\/notre-quartier.ch\/sebeillon\/association_de_sebeillon\/","url":"https:\/\/notre-quartier.ch\/sebeillon\/association_de_sebeillon\/","name":"- Association des habitant.e.s de S\u00e9beillon","isPartOf":{"@id":"https:\/\/notre-quartier.ch\/sebeillon\/#website"},"datePublished":"2022-04-12T13:18:36+00:00","dateModified":"2025-02-10T09:22:47+00:00","inLanguage":"fr-FR","potentialAction":[{"@type":"ReadAction","target":["https:\/\/notre-quartier.ch\/sebeillon\/association_de_sebeillon\/"]}]},{"@type":"WebSite","@id":"https:\/\/notre-quartier.ch\/sebeillon\/#website","url":"https:\/\/notre-quartier.ch\/sebeillon\/","name":"Association des habitant.e.s de S\u00e9beillon","description":"","potentialAction":[{"@type":"SearchAction","target":{"@type":"EntryPoint","urlTemplate":"https:\/\/notre-quartier.ch\/sebeillon\/?s={search_term_string}"},"query-input":{"@type":"PropertyValueSpecification","valueRequired":true,"valueName":"search_term_string"}}],"inLanguage":"fr-FR"}]}},"_links":{"self":[{"href":"https:\/\/notre-quartier.ch\/sebeillon\/wp-json\/wp\/v2\/pages\/118","targetHints":{"allow":["GET"]}}],"collection":[{"href":"https:\/\/notre-quartier.ch\/sebeillon\/wp-json\/wp\/v2\/pages"}],"about":[{"href":"https:\/\/notre-quartier.ch\/sebeillon\/wp-json\/wp\/v2\/types\/page"}],"author":[{"embeddable":true,"href":"https:\/\/notre-quartier.ch\/sebeillon\/wp-json\/wp\/v2\/users\/1"}],"replies":[{"embeddable":true,"href":"https:\/\/notre-quartier.ch\/sebeillon\/wp-json\/wp\/v2\/comments?post=118"}],"version-history":[{"count":83,"href":"https:\/\/notre-quartier.ch\/sebeillon\/wp-json\/wp\/v2\/pages\/118\/revisions"}],"predecessor-version":[{"id":2167,"href":"https:\/\/notre-quartier.ch\/sebeillon\/wp-json\/wp\/v2\/pages\/118\/revisions\/2167"}],"wp:attachment":[{"href":"https:\/\/notre-quartier.ch\/sebeillon\/wp-json\/wp\/v2\/media?parent=118"}],"curies":[{"name":"wp","href":"https:\/\/api.w.org\/{rel}","templated":true}]}}