{"id":543,"date":"2025-02-26T14:51:42","date_gmt":"2025-02-26T13:51:42","guid":{"rendered":"https:\/\/notre-quartier.ch\/esplanade\/?page_id=543"},"modified":"2025-03-25T14:58:40","modified_gmt":"2025-03-25T13:58:40","slug":"devenir-membre","status":"publish","type":"page","link":"https:\/\/notre-quartier.ch\/esplanade\/devenir-membre\/","title":{"rendered":"Devenir membre"},"content":{"rendered":"\t\t<div data-elementor-type=\"wp-page\" data-elementor-id=\"543\" class=\"elementor elementor-543\" data-elementor-post-type=\"page\">\n\t\t\t\t<div class=\"elementor-element elementor-element-d4f7ef4 e-flex e-con-boxed e-con e-parent\" data-id=\"d4f7ef4\" data-element_type=\"container\" data-e-type=\"container\" data-settings=\"{&quot;jet_parallax_layout_list&quot;:[]}\">\n\t\t\t\t\t<div class=\"e-con-inner\">\n\t\t\t\t<div class=\"elementor-element elementor-element-703e1fb elementor-widget elementor-widget-spacer\" data-id=\"703e1fb\" data-element_type=\"widget\" data-e-type=\"widget\" data-widget_type=\"spacer.default\">\n\t\t\t\t<div class=\"elementor-widget-container\">\n\t\t\t\t\t\t\t<div class=\"elementor-spacer\">\n\t\t\t<div class=\"elementor-spacer-inner\"><\/div>\n\t\t<\/div>\n\t\t\t\t\t\t<\/div>\n\t\t\t\t<\/div>\n\t\t\t\t\t<\/div>\n\t\t\t\t<\/div>\n\t\t<div class=\"elementor-element elementor-element-9ffb29c e-flex e-con-boxed e-con e-parent\" data-id=\"9ffb29c\" data-element_type=\"container\" data-e-type=\"container\" data-settings=\"{&quot;jet_parallax_layout_list&quot;:[]}\">\n\t\t\t\t\t<div class=\"e-con-inner\">\n\t\t<div class=\"elementor-element elementor-element-21b4182 e-con-full e-flex e-con e-child\" data-id=\"21b4182\" data-element_type=\"container\" data-e-type=\"container\" data-settings=\"{&quot;jet_parallax_layout_list&quot;:[]}\">\n\t\t\t\t<\/div>\n\t\t<div class=\"elementor-element elementor-element-16801d5 e-con-full e-flex e-con e-child\" data-id=\"16801d5\" data-element_type=\"container\" data-e-type=\"container\" data-settings=\"{&quot;jet_parallax_layout_list&quot;:[]}\">\n\t\t\t\t<div class=\"elementor-element elementor-element-4074427 elementor-widget__width-initial elementor-widget elementor-widget-heading\" data-id=\"4074427\" data-element_type=\"widget\" data-e-type=\"widget\" data-widget_type=\"heading.default\">\n\t\t\t\t<div class=\"elementor-widget-container\">\n\t\t\t\t\t<h2 class=\"elementor-heading-title elementor-size-default\">Devenir membre de l'association Esplanade<\/h2>\t\t\t\t<\/div>\n\t\t\t\t<\/div>\n\t\t\t\t<\/div>\n\t\t<div class=\"elementor-element elementor-element-a4134b2 e-con-full e-flex e-con e-child\" data-id=\"a4134b2\" data-element_type=\"container\" data-e-type=\"container\" data-settings=\"{&quot;jet_parallax_layout_list&quot;:[]}\">\n\t\t\t\t<\/div>\n\t\t\t\t\t<\/div>\n\t\t\t\t<\/div>\n\t\t<div class=\"elementor-element elementor-element-4d9bbb3 e-flex e-con-boxed e-con e-parent\" data-id=\"4d9bbb3\" data-element_type=\"container\" data-e-type=\"container\" data-settings=\"{&quot;jet_parallax_layout_list&quot;:[]}\">\n\t\t\t\t\t<div class=\"e-con-inner\">\n\t\t<div class=\"elementor-element elementor-element-2940b8b e-con-full e-flex e-con e-child\" data-id=\"2940b8b\" data-element_type=\"container\" data-e-type=\"container\" data-settings=\"{&quot;jet_parallax_layout_list&quot;:[]}\">\n\t\t\t\t<\/div>\n\t\t<div class=\"elementor-element elementor-element-15f5e6e e-con-full e-flex e-con e-child\" data-id=\"15f5e6e\" data-element_type=\"container\" data-e-type=\"container\" data-settings=\"{&quot;jet_parallax_layout_list&quot;:[]}\">\n\t\t\t\t<div class=\"elementor-element elementor-element-43b61c1 elementor-widget elementor-widget-text-editor\" data-id=\"43b61c1\" data-element_type=\"widget\" data-e-type=\"widget\" data-widget_type=\"text-editor.default\">\n\t\t\t\t<div class=\"elementor-widget-container\">\n\t\t\t\t\t\t\t\t\t<p style=\"font-size: 16px; font-style: normal; font-weight: 400;\">L\u2019association<span style=\"font-weight: bold;\"> Esplanade<\/span>\u00a0a pour but de promouvoir la\u00a0<span style=\"font-weight: bold;\">qualit\u00e9 de vie<\/span>\u00a0du quartier de l\u2019Esplanade et ses environs, par le d\u00e9veloppement d\u2019<span style=\"font-weight: bold;\">\u00e9changes<\/span>, la\u00a0<span style=\"font-weight: bold;\">collaboration<\/span>, et le\u00a0<span style=\"font-weight: bold;\">soutien des projets<\/span>\u00a0de ses habitant\u00b7es et la cr\u00e9ation d\u2019espaces de rencontre.\u00a0\u00a0<\/p><p style=\"font-size: 16px; font-style: normal; font-weight: 400;\"><span style=\"font-family: var( --e-global-typography-text-font-family ), Sans-serif; font-size: var( --e-global-typography-text-font-size ); font-style: inherit; font-weight: inherit; background-color: var(--ast-global-color-5);\">Toute personne int\u00e9ress\u00e9e par les activit\u00e9s de l\u2019association et en accord avec ses statuts peut s&rsquo;inscrire \u00e0 l&rsquo;association via le formulaire ci-contre.\u00a0<\/span><\/p><p style=\"font-size: 16px; font-style: normal; font-weight: 400;\"><span style=\"font-style: inherit; font-weight: inherit; background-color: var(--ast-global-color-5); font-family: var( --e-global-typography-text-font-family ), Sans-serif;\" data-qa=\"emoji\" data-sk=\"tooltip_parent\">La\u00a0<span style=\"font-weight: bold;\">cotisation annuelle<\/span> se monte \u00e0 15 CHF par an et par m\u00e9nage.<\/span><\/p>\t\t\t\t\t\t\t\t<\/div>\n\t\t\t\t<\/div>\n\t\t\t\t<div class=\"elementor-element elementor-element-6797b6b elementor-align-left elementor-widget elementor-widget-button\" data-id=\"6797b6b\" data-element_type=\"widget\" data-e-type=\"widget\" data-widget_type=\"button.default\">\n\t\t\t\t<div class=\"elementor-widget-container\">\n\t\t\t\t\t\t\t\t\t<div class=\"elementor-button-wrapper\">\n\t\t\t\t\t<a class=\"elementor-button elementor-button-link elementor-size-sm\" href=\"https:\/\/drive.google.com\/file\/d\/1wSF0L6XAeQ4J3apUf5v7e6-mwLbiSRtJ\/view\" target=\"_blank\">\n\t\t\t\t\t\t<span class=\"elementor-button-content-wrapper\">\n\t\t\t\t\t\t\t\t\t<span class=\"elementor-button-text\">Statuts de l'association<\/span>\n\t\t\t\t\t<\/span>\n\t\t\t\t\t<\/a>\n\t\t\t\t<\/div>\n\t\t\t\t\t\t\t\t<\/div>\n\t\t\t\t<\/div>\n\t\t\t\t<\/div>\n\t\t<div class=\"elementor-element elementor-element-97a64d5 e-con-full e-flex e-con e-child\" data-id=\"97a64d5\" data-element_type=\"container\" data-e-type=\"container\" data-settings=\"{&quot;jet_parallax_layout_list&quot;:[]}\">\n\t\t\t\t<div class=\"elementor-element elementor-element-9131223 elementor-widget elementor-widget-text-editor\" data-id=\"9131223\" data-element_type=\"widget\" data-e-type=\"widget\" data-widget_type=\"text-editor.default\">\n\t\t\t\t<div class=\"elementor-widget-container\">\n\t\t\t\t\t\t\t\t\t<p><strong>Formulaire d&rsquo;inscription<\/strong><\/p>\t\t\t\t\t\t\t\t<\/div>\n\t\t\t\t<\/div>\n\t\t\t\t<div class=\"elementor-element elementor-element-ca2b959 elementor-button-align-stretch elementor-widget elementor-widget-form\" data-id=\"ca2b959\" data-element_type=\"widget\" data-e-type=\"widget\" data-settings=\"{&quot;step_next_label&quot;:&quot;Suivant&quot;,&quot;step_previous_label&quot;:&quot;Pr\\u00e9c\\u00e9dent&quot;,&quot;button_width&quot;:&quot;100&quot;,&quot;step_type&quot;:&quot;number_text&quot;,&quot;step_icon_shape&quot;:&quot;circle&quot;}\" data-widget_type=\"form.default\">\n\t\t\t\t<div class=\"elementor-widget-container\">\n\t\t\t\t\t\t\t<form class=\"elementor-form\" method=\"post\" name=\"Inscription \u00e0 l&#039;association\" aria-label=\"Inscription \u00e0 l&#039;association\">\n\t\t\t<input type=\"hidden\" name=\"post_id\" value=\"543\"\/>\n\t\t\t<input type=\"hidden\" name=\"form_id\" value=\"ca2b959\"\/>\n\t\t\t<input type=\"hidden\" name=\"referer_title\" value=\"Devenir membre - Esplanade\" \/>\n\n\t\t\t\t\t\t\t<input type=\"hidden\" name=\"queried_id\" value=\"543\"\/>\n\t\t\t\n\t\t\t<div class=\"elementor-form-fields-wrapper elementor-labels-above\">\n\t\t\t\t\t\t\t\t<div class=\"elementor-field-type-text elementor-field-group elementor-column elementor-field-group-name elementor-col-100 elementor-field-required elementor-mark-required\">\n\t\t\t\t\t\t\t\t\t\t\t\t<label for=\"form-field-name\" class=\"elementor-field-label\">\n\t\t\t\t\t\t\t\tNom\t\t\t\t\t\t\t<\/label>\n\t\t\t\t\t\t\t\t\t\t\t\t\t\t<input size=\"1\" type=\"text\" name=\"form_fields[name]\" id=\"form-field-name\" class=\"elementor-field elementor-size-sm  elementor-field-textual\" placeholder=\"Nom\" required=\"required\">\n\t\t\t\t\t\t\t\t\t\t\t<\/div>\n\t\t\t\t\t\t\t\t<div class=\"elementor-field-type-text elementor-field-group elementor-column elementor-field-group-field_484b270 elementor-col-100 elementor-field-required elementor-mark-required\">\n\t\t\t\t\t\t\t\t\t\t\t\t<label for=\"form-field-field_484b270\" class=\"elementor-field-label\">\n\t\t\t\t\t\t\t\tPr\u00e9nom\t\t\t\t\t\t\t<\/label>\n\t\t\t\t\t\t\t\t\t\t\t\t\t\t<input size=\"1\" type=\"text\" name=\"form_fields[field_484b270]\" id=\"form-field-field_484b270\" class=\"elementor-field elementor-size-sm  elementor-field-textual\" placeholder=\"Pr\u00e9nom\" required=\"required\">\n\t\t\t\t\t\t\t\t\t\t\t<\/div>\n\t\t\t\t\t\t\t\t<div class=\"elementor-field-type-text elementor-field-group elementor-column elementor-field-group-field_c2b571e elementor-col-100 elementor-field-required elementor-mark-required\">\n\t\t\t\t\t\t\t\t\t\t\t\t<label for=\"form-field-field_c2b571e\" class=\"elementor-field-label\">\n\t\t\t\t\t\t\t\tAdresse\t\t\t\t\t\t\t<\/label>\n\t\t\t\t\t\t\t\t\t\t\t\t\t\t<input size=\"1\" type=\"text\" name=\"form_fields[field_c2b571e]\" id=\"form-field-field_c2b571e\" class=\"elementor-field elementor-size-sm  elementor-field-textual\" placeholder=\"Adresse\" required=\"required\">\n\t\t\t\t\t\t\t\t\t\t\t<\/div>\n\t\t\t\t\t\t\t\t<div class=\"elementor-field-type-email elementor-field-group elementor-column elementor-field-group-email elementor-col-100 elementor-field-required elementor-mark-required\">\n\t\t\t\t\t\t\t\t\t\t\t\t<label for=\"form-field-email\" class=\"elementor-field-label\">\n\t\t\t\t\t\t\t\tE-mail\t\t\t\t\t\t\t<\/label>\n\t\t\t\t\t\t\t\t\t\t\t\t\t\t<input size=\"1\" type=\"email\" name=\"form_fields[email]\" id=\"form-field-email\" class=\"elementor-field elementor-size-sm  elementor-field-textual\" placeholder=\"E-mail\" required=\"required\">\n\t\t\t\t\t\t\t\t\t\t\t<\/div>\n\t\t\t\t\t\t\t\t<div class=\"elementor-field-type-tel elementor-field-group elementor-column elementor-field-group-field_15a35f3 elementor-col-100 elementor-field-required elementor-mark-required\">\n\t\t\t\t\t\t\t\t\t\t\t\t<label for=\"form-field-field_15a35f3\" class=\"elementor-field-label\">\n\t\t\t\t\t\t\t\tT\u00e9l\u00e9phone\t\t\t\t\t\t\t<\/label>\n\t\t\t\t\t\t\t\t<input size=\"1\" type=\"tel\" name=\"form_fields[field_15a35f3]\" id=\"form-field-field_15a35f3\" class=\"elementor-field elementor-size-sm  elementor-field-textual\" placeholder=\"+41 077 123 45 67\" required=\"required\" pattern=\"[0-9()#&amp;+*-=.]+\" title=\"Seuls les caract\u00e8res de num\u00e9ros de t\u00e9l\u00e9phone (#, -, *, etc.) sont accept\u00e9s.\">\n\n\t\t\t\t\t\t<\/div>\n\t\t\t\t\t\t\t\t<div class=\"elementor-field-type-acceptance elementor-field-group elementor-column elementor-field-group-field_b7f4c5d elementor-col-80 elementor-field-required elementor-mark-required\">\n\t\t\t\t\t\t\t\t\t\t\t\t<label for=\"form-field-field_b7f4c5d\" class=\"elementor-field-label\">\n\t\t\t\t\t\t\t\tStatuts\t\t\t\t\t\t\t<\/label>\n\t\t\t\t\t\t\t\t<div class=\"elementor-field-subgroup\">\n\t\t\t<span class=\"elementor-field-option\">\n\t\t\t\t<input type=\"checkbox\" name=\"form_fields[field_b7f4c5d]\" id=\"form-field-field_b7f4c5d\" class=\"elementor-field elementor-size-sm  elementor-acceptance-field\" required=\"required\">\n\t\t\t\t<label for=\"form-field-field_b7f4c5d\">J'ai pris connaissance des statuts de l'association<\/label>\t\t\t<\/span>\n\t\t<\/div>\n\t\t\t\t\t\t<\/div>\n\t\t\t\t\t\t\t\t<div class=\"elementor-field-type-acceptance elementor-field-group elementor-column elementor-field-group-field_7f80697 elementor-col-100 elementor-field-required elementor-mark-required\">\n\t\t\t\t\t\t\t\t\t\t\t\t<label for=\"form-field-field_7f80697\" class=\"elementor-field-label\">\n\t\t\t\t\t\t\t\tCotisation\t\t\t\t\t\t\t<\/label>\n\t\t\t\t\t\t\t\t<div class=\"elementor-field-subgroup\">\n\t\t\t<span class=\"elementor-field-option\">\n\t\t\t\t<input type=\"checkbox\" name=\"form_fields[field_7f80697]\" id=\"form-field-field_7f80697\" class=\"elementor-field elementor-size-sm  elementor-acceptance-field\" required=\"required\">\n\t\t\t\t<label for=\"form-field-field_7f80697\">J'accepte de payer la cotisation annuelle de CHF 15.-<\/label>\t\t\t<\/span>\n\t\t<\/div>\n\t\t\t\t\t\t<\/div>\n\t\t\t\t\t\t\t\t<div class=\"elementor-field-type-textarea elementor-field-group elementor-column elementor-field-group-message elementor-col-100\">\n\t\t\t\t\t\t\t\t\t\t\t\t<label for=\"form-field-message\" class=\"elementor-field-label\">\n\t\t\t\t\t\t\t\tRemarque\t\t\t\t\t\t\t<\/label>\n\t\t\t\t\t\t<textarea class=\"elementor-field-textual elementor-field  elementor-size-sm\" name=\"form_fields[message]\" id=\"form-field-message\" rows=\"4\" placeholder=\"Vous souhaitez vous investir activement ou vous avez une id\u00e9e d\u2019activit\u00e9\/projet ? Faites-nous en part !\"><\/textarea>\t\t\t\t<\/div>\n\t\t\t\t\t\t\t\t<div class=\"elementor-field-group elementor-column elementor-field-type-submit elementor-col-100 e-form__buttons\">\n\t\t\t\t\t<button class=\"elementor-button elementor-size-sm\" type=\"submit\">\n\t\t\t\t\t\t<span class=\"elementor-button-content-wrapper\">\n\t\t\t\t\t\t\t\t\t\t\t\t\t\t\t\t\t\t\t\t\t\t<span class=\"elementor-button-text\">Envoyer<\/span>\n\t\t\t\t\t\t\t\t\t\t\t\t\t<\/span>\n\t\t\t\t\t<\/button>\n\t\t\t\t<\/div>\n\t\t\t<\/div>\n\t\t<\/form>\n\t\t\t\t\t\t<\/div>\n\t\t\t\t<\/div>\n\t\t\t\t<\/div>\n\t\t<div class=\"elementor-element elementor-element-2fcad75 e-con-full e-flex e-con e-child\" data-id=\"2fcad75\" data-element_type=\"container\" data-e-type=\"container\" data-settings=\"{&quot;jet_parallax_layout_list&quot;:[]}\">\n\t\t\t\t<\/div>\n\t\t\t\t\t<\/div>\n\t\t\t\t<\/div>\n\t\t<div class=\"elementor-element elementor-element-b3efdbb e-flex e-con-boxed e-con e-parent\" data-id=\"b3efdbb\" data-element_type=\"container\" data-e-type=\"container\" data-settings=\"{&quot;jet_parallax_layout_list&quot;:[]}\">\n\t\t\t\t\t<div class=\"e-con-inner\">\n\t\t\t\t<div class=\"elementor-element elementor-element-d20ed1c elementor-widget elementor-widget-spacer\" data-id=\"d20ed1c\" data-element_type=\"widget\" data-e-type=\"widget\" data-widget_type=\"spacer.default\">\n\t\t\t\t<div class=\"elementor-widget-container\">\n\t\t\t\t\t\t\t<div class=\"elementor-spacer\">\n\t\t\t<div class=\"elementor-spacer-inner\"><\/div>\n\t\t<\/div>\n\t\t\t\t\t\t<\/div>\n\t\t\t\t<\/div>\n\t\t\t\t\t<\/div>\n\t\t\t\t<\/div>\n\t\t\t\t<\/div>\n\t\t","protected":false},"excerpt":{"rendered":"<p>Devenir membre de l&rsquo;association Esplanade L\u2019association Esplanade\u00a0a pour but de promouvoir la\u00a0qualit\u00e9 de vie\u00a0du quartier de l\u2019Esplanade et ses environs, par le d\u00e9veloppement d\u2019\u00e9changes, la\u00a0collaboration, et le\u00a0soutien des projets\u00a0de ses [&hellip;]<\/p>\n","protected":false},"author":15,"featured_media":0,"parent":0,"menu_order":0,"comment_status":"closed","ping_status":"closed","template":"","meta":{"site-sidebar-layout":"no-sidebar","site-content-layout":"","ast-site-content-layout":"full-width-container","site-content-style":"default","site-sidebar-style":"default","ast-global-header-display":"","ast-banner-title-visibility":"","ast-main-header-display":"","ast-hfb-above-header-display":"","ast-hfb-below-header-display":"","ast-hfb-mobile-header-display":"","site-post-title":"disabled","ast-breadcrumbs-content":"","ast-featured-img":"disabled","footer-sml-layout":"","ast-disable-related-posts":"","theme-transparent-header-meta":"","adv-header-id-meta":"","stick-header-meta":"","header-above-stick-meta":"","header-main-stick-meta":"","header-below-stick-meta":"","astra-migrate-meta-layouts":"default","ast-page-background-enabled":"default","ast-page-background-meta":{"desktop":{"background-color":"var(--ast-global-color-4)","background-image":"","background-repeat":"repeat","background-position":"center center","background-size":"auto","background-attachment":"scroll","background-type":"","background-media":"","overlay-type":"","overlay-color":"","overlay-opacity":"","overlay-gradient":""},"tablet":{"background-color":"","background-image":"","background-repeat":"repeat","background-position":"center center","background-size":"auto","background-attachment":"scroll","background-type":"","background-media":"","overlay-type":"","overlay-color":"","overlay-opacity":"","overlay-gradient":""},"mobile":{"background-color":"","background-image":"","background-repeat":"repeat","background-position":"center center","background-size":"auto","background-attachment":"scroll","background-type":"","background-media":"","overlay-type":"","overlay-color":"","overlay-opacity":"","overlay-gradient":""}},"ast-content-background-meta":{"desktop":{"background-color":"var(--ast-global-color-5)","background-image":"","background-repeat":"repeat","background-position":"center center","background-size":"auto","background-attachment":"scroll","background-type":"","background-media":"","overlay-type":"","overlay-color":"","overlay-opacity":"","overlay-gradient":""},"tablet":{"background-color":"var(--ast-global-color-5)","background-image":"","background-repeat":"repeat","background-position":"center center","background-size":"auto","background-attachment":"scroll","background-type":"","background-media":"","overlay-type":"","overlay-color":"","overlay-opacity":"","overlay-gradient":""},"mobile":{"background-color":"var(--ast-global-color-5)","background-image":"","background-repeat":"repeat","background-position":"center center","background-size":"auto","background-attachment":"scroll","background-type":"","background-media":"","overlay-type":"","overlay-color":"","overlay-opacity":"","overlay-gradient":""}},"footnotes":""},"class_list":["post-543","page","type-page","status-publish","hentry"],"yoast_head":"<!-- This site is optimized with the Yoast SEO plugin v27.2 - https:\/\/yoast.com\/product\/yoast-seo-wordpress\/ -->\n<title>Devenir membre - Esplanade<\/title>\n<meta name=\"robots\" content=\"index, follow, max-snippet:-1, max-image-preview:large, max-video-preview:-1\" \/>\n<link rel=\"canonical\" href=\"https:\/\/notre-quartier.ch\/esplanade\/devenir-membre\/\" \/>\n<meta property=\"og:locale\" content=\"fr_FR\" \/>\n<meta property=\"og:type\" content=\"article\" \/>\n<meta property=\"og:title\" content=\"Devenir membre - Esplanade\" \/>\n<meta property=\"og:description\" content=\"Devenir membre de l&rsquo;association Esplanade L\u2019association Esplanade\u00a0a pour but de promouvoir la\u00a0qualit\u00e9 de vie\u00a0du quartier de l\u2019Esplanade et ses environs, par le d\u00e9veloppement d\u2019\u00e9changes, la\u00a0collaboration, et le\u00a0soutien des projets\u00a0de ses [&hellip;]\" \/>\n<meta property=\"og:url\" content=\"https:\/\/notre-quartier.ch\/esplanade\/devenir-membre\/\" \/>\n<meta property=\"og:site_name\" content=\"Esplanade\" \/>\n<meta property=\"article:modified_time\" content=\"2025-03-25T13:58:40+00:00\" \/>\n<meta name=\"twitter:card\" content=\"summary_large_image\" \/>\n<script type=\"application\/ld+json\" class=\"yoast-schema-graph\">{\"@context\":\"https:\/\/schema.org\",\"@graph\":[{\"@type\":\"WebPage\",\"@id\":\"https:\/\/notre-quartier.ch\/esplanade\/devenir-membre\/\",\"url\":\"https:\/\/notre-quartier.ch\/esplanade\/devenir-membre\/\",\"name\":\"Devenir membre - Esplanade\",\"isPartOf\":{\"@id\":\"https:\/\/notre-quartier.ch\/esplanade\/#website\"},\"datePublished\":\"2025-02-26T13:51:42+00:00\",\"dateModified\":\"2025-03-25T13:58:40+00:00\",\"breadcrumb\":{\"@id\":\"https:\/\/notre-quartier.ch\/esplanade\/devenir-membre\/#breadcrumb\"},\"inLanguage\":\"fr-FR\",\"potentialAction\":[{\"@type\":\"ReadAction\",\"target\":[\"https:\/\/notre-quartier.ch\/esplanade\/devenir-membre\/\"]}]},{\"@type\":\"BreadcrumbList\",\"@id\":\"https:\/\/notre-quartier.ch\/esplanade\/devenir-membre\/#breadcrumb\",\"itemListElement\":[{\"@type\":\"ListItem\",\"position\":1,\"name\":\"Accueil\",\"item\":\"https:\/\/notre-quartier.ch\/esplanade\/\"},{\"@type\":\"ListItem\",\"position\":2,\"name\":\"Devenir membre\"}]},{\"@type\":\"WebSite\",\"@id\":\"https:\/\/notre-quartier.ch\/esplanade\/#website\",\"url\":\"https:\/\/notre-quartier.ch\/esplanade\/\",\"name\":\"Esplanade\",\"description\":\"\",\"potentialAction\":[{\"@type\":\"SearchAction\",\"target\":{\"@type\":\"EntryPoint\",\"urlTemplate\":\"https:\/\/notre-quartier.ch\/esplanade\/?s={search_term_string}\"},\"query-input\":{\"@type\":\"PropertyValueSpecification\",\"valueRequired\":true,\"valueName\":\"search_term_string\"}}],\"inLanguage\":\"fr-FR\"}]}<\/script>\n<!-- \/ Yoast SEO plugin. -->","yoast_head_json":{"title":"Devenir membre - Esplanade","robots":{"index":"index","follow":"follow","max-snippet":"max-snippet:-1","max-image-preview":"max-image-preview:large","max-video-preview":"max-video-preview:-1"},"canonical":"https:\/\/notre-quartier.ch\/esplanade\/devenir-membre\/","og_locale":"fr_FR","og_type":"article","og_title":"Devenir membre - Esplanade","og_description":"Devenir membre de l&rsquo;association Esplanade L\u2019association Esplanade\u00a0a pour but de promouvoir la\u00a0qualit\u00e9 de vie\u00a0du quartier de l\u2019Esplanade et ses environs, par le d\u00e9veloppement d\u2019\u00e9changes, la\u00a0collaboration, et le\u00a0soutien des projets\u00a0de ses [&hellip;]","og_url":"https:\/\/notre-quartier.ch\/esplanade\/devenir-membre\/","og_site_name":"Esplanade","article_modified_time":"2025-03-25T13:58:40+00:00","twitter_card":"summary_large_image","schema":{"@context":"https:\/\/schema.org","@graph":[{"@type":"WebPage","@id":"https:\/\/notre-quartier.ch\/esplanade\/devenir-membre\/","url":"https:\/\/notre-quartier.ch\/esplanade\/devenir-membre\/","name":"Devenir membre - Esplanade","isPartOf":{"@id":"https:\/\/notre-quartier.ch\/esplanade\/#website"},"datePublished":"2025-02-26T13:51:42+00:00","dateModified":"2025-03-25T13:58:40+00:00","breadcrumb":{"@id":"https:\/\/notre-quartier.ch\/esplanade\/devenir-membre\/#breadcrumb"},"inLanguage":"fr-FR","potentialAction":[{"@type":"ReadAction","target":["https:\/\/notre-quartier.ch\/esplanade\/devenir-membre\/"]}]},{"@type":"BreadcrumbList","@id":"https:\/\/notre-quartier.ch\/esplanade\/devenir-membre\/#breadcrumb","itemListElement":[{"@type":"ListItem","position":1,"name":"Accueil","item":"https:\/\/notre-quartier.ch\/esplanade\/"},{"@type":"ListItem","position":2,"name":"Devenir membre"}]},{"@type":"WebSite","@id":"https:\/\/notre-quartier.ch\/esplanade\/#website","url":"https:\/\/notre-quartier.ch\/esplanade\/","name":"Esplanade","description":"","potentialAction":[{"@type":"SearchAction","target":{"@type":"EntryPoint","urlTemplate":"https:\/\/notre-quartier.ch\/esplanade\/?s={search_term_string}"},"query-input":{"@type":"PropertyValueSpecification","valueRequired":true,"valueName":"search_term_string"}}],"inLanguage":"fr-FR"}]}},"_links":{"self":[{"href":"https:\/\/notre-quartier.ch\/esplanade\/wp-json\/wp\/v2\/pages\/543","targetHints":{"allow":["GET"]}}],"collection":[{"href":"https:\/\/notre-quartier.ch\/esplanade\/wp-json\/wp\/v2\/pages"}],"about":[{"href":"https:\/\/notre-quartier.ch\/esplanade\/wp-json\/wp\/v2\/types\/page"}],"author":[{"embeddable":true,"href":"https:\/\/notre-quartier.ch\/esplanade\/wp-json\/wp\/v2\/users\/15"}],"replies":[{"embeddable":true,"href":"https:\/\/notre-quartier.ch\/esplanade\/wp-json\/wp\/v2\/comments?post=543"}],"version-history":[{"count":31,"href":"https:\/\/notre-quartier.ch\/esplanade\/wp-json\/wp\/v2\/pages\/543\/revisions"}],"predecessor-version":[{"id":654,"href":"https:\/\/notre-quartier.ch\/esplanade\/wp-json\/wp\/v2\/pages\/543\/revisions\/654"}],"wp:attachment":[{"href":"https:\/\/notre-quartier.ch\/esplanade\/wp-json\/wp\/v2\/media?parent=543"}],"curies":[{"name":"wp","href":"https:\/\/api.w.org\/{rel}","templated":true}]}}